{"id":1630,"date":"2023-03-10T13:15:27","date_gmt":"2023-03-10T12:15:27","guid":{"rendered":"https:\/\/www.atikrooms.com\/?page_id=1630"},"modified":"2026-01-14T12:51:10","modified_gmt":"2026-01-14T11:51:10","slug":"domov","status":"publish","type":"page","link":"https:\/\/www.atikrooms.com\/it\/","title":{"rendered":"CASA"},"content":{"rendered":"","protected":false},"excerpt":{"rendered":"","protected":false},"author":1,"featured_media":0,"parent":0,"menu_order":0,"comment_status":"closed","ping_status":"closed","template":"","meta":{"_acf_changed":false,"inline_featured_image":false,"footnotes":""},"class_list":["post-1630","page","type-page","status-publish","hentry"],"acf":[],"yoast_head":"<title>Atik Rooms Ljubljana<\/title>\n<meta name=\"description\" content=\"Dobrodo\u0161li v Atik Rooms Ljubljana, kjer se boste naspali v udobnih in \u010distih brez\u010dasnih sobah. Na recepciji vpra\u0161ajte za najbolj\u0161i zajtrk v Ljubljani.\" \/>\n<meta name=\"robots\" content=\"index, follow, max-snippet:-1, max-image-preview:large, max-video-preview:-1\" \/>\n<link rel=\"canonical\" href=\"https:\/\/www.atikrooms.com\/it\/domov\/\" \/>\n<meta property=\"og:locale\" content=\"it_IT\" \/>\n<meta property=\"og:type\" content=\"article\" \/>\n<meta property=\"og:title\" content=\"Atik Rooms Ljubljana\" \/>\n<meta property=\"og:description\" content=\"Dobrodo\u0161li v Atik Rooms Ljubljana, kjer se boste naspali v udobnih in \u010distih brez\u010dasnih sobah. Na recepciji vpra\u0161ajte za najbolj\u0161i zajtrk v Ljubljani.\" \/>\n<meta property=\"og:url\" content=\"https:\/\/www.atikrooms.com\/it\/domov\/\" \/>\n<meta property=\"og:site_name\" content=\"Atik Rooms Ljubljana\" \/>\n<meta property=\"article:modified_time\" content=\"2026-01-14T11:51:10+00:00\" \/>\n<meta name=\"twitter:card\" content=\"summary_large_image\" \/>\n<script type=\"application\/ld+json\" class=\"yoast-schema-graph\">{\"@context\":\"https:\/\/schema.org\",\"@graph\":[{\"@type\":\"WebPage\",\"@id\":\"https:\/\/www.atikrooms.com\/it\/domov\/\",\"url\":\"https:\/\/www.atikrooms.com\/it\/domov\/\",\"name\":\"Atik Rooms Ljubljana\",\"isPartOf\":{\"@id\":\"https:\/\/www.atikrooms.com\/#website\"},\"datePublished\":\"2023-03-10T12:15:27+00:00\",\"dateModified\":\"2026-01-14T11:51:10+00:00\",\"description\":\"Dobrodo\u0161li v Atik Rooms Ljubljana, kjer se boste naspali v udobnih in \u010distih brez\u010dasnih sobah. Na recepciji vpra\u0161ajte za najbolj\u0161i zajtrk v Ljubljani.\",\"breadcrumb\":{\"@id\":\"https:\/\/www.atikrooms.com\/it\/domov\/#breadcrumb\"},\"inLanguage\":\"it-IT\",\"potentialAction\":[{\"@type\":\"ReadAction\",\"target\":[\"https:\/\/www.atikrooms.com\/it\/domov\/\"]}]},{\"@type\":\"BreadcrumbList\",\"@id\":\"https:\/\/www.atikrooms.com\/it\/domov\/#breadcrumb\",\"itemListElement\":[{\"@type\":\"ListItem\",\"position\":1,\"name\":\"Home\",\"item\":\"https:\/\/www.atikrooms.com\/it\/domov\/\"},{\"@type\":\"ListItem\",\"position\":2,\"name\":\"CASA\"}]},{\"@type\":\"WebSite\",\"@id\":\"https:\/\/www.atikrooms.com\/#website\",\"url\":\"https:\/\/www.atikrooms.com\/\",\"name\":\"Atik Rooms Ljubljana\",\"description\":\"\",\"potentialAction\":[{\"@type\":\"SearchAction\",\"target\":{\"@type\":\"EntryPoint\",\"urlTemplate\":\"https:\/\/www.atikrooms.com\/?s={search_term_string}\"},\"query-input\":{\"@type\":\"PropertyValueSpecification\",\"valueRequired\":true,\"valueName\":\"search_term_string\"}}],\"inLanguage\":\"it-IT\"}]}<\/script>","yoast_head_json":{"title":"Atik Rooms Ljubljana","description":"Dobrodo\u0161li v Atik Rooms Ljubljana, kjer se boste naspali v udobnih in \u010distih brez\u010dasnih sobah. Na recepciji vpra\u0161ajte za najbolj\u0161i zajtrk v Ljubljani.","robots":{"index":"index","follow":"follow","max-snippet":"max-snippet:-1","max-image-preview":"max-image-preview:large","max-video-preview":"max-video-preview:-1"},"canonical":"https:\/\/www.atikrooms.com\/it\/domov\/","og_locale":"it_IT","og_type":"article","og_title":"Atik Rooms Ljubljana","og_description":"Dobrodo\u0161li v Atik Rooms Ljubljana, kjer se boste naspali v udobnih in \u010distih brez\u010dasnih sobah. Na recepciji vpra\u0161ajte za najbolj\u0161i zajtrk v Ljubljani.","og_url":"https:\/\/www.atikrooms.com\/it\/domov\/","og_site_name":"Atik Rooms Ljubljana","article_modified_time":"2026-01-14T11:51:10+00:00","twitter_card":"summary_large_image","schema":{"@context":"https:\/\/schema.org","@graph":[{"@type":"WebPage","@id":"https:\/\/www.atikrooms.com\/it\/domov\/","url":"https:\/\/www.atikrooms.com\/it\/domov\/","name":"Atik Rooms Ljubljana","isPartOf":{"@id":"https:\/\/www.atikrooms.com\/#website"},"datePublished":"2023-03-10T12:15:27+00:00","dateModified":"2026-01-14T11:51:10+00:00","description":"Dobrodo\u0161li v Atik Rooms Ljubljana, kjer se boste naspali v udobnih in \u010distih brez\u010dasnih sobah. Na recepciji vpra\u0161ajte za najbolj\u0161i zajtrk v Ljubljani.","breadcrumb":{"@id":"https:\/\/www.atikrooms.com\/it\/domov\/#breadcrumb"},"inLanguage":"it-IT","potentialAction":[{"@type":"ReadAction","target":["https:\/\/www.atikrooms.com\/it\/domov\/"]}]},{"@type":"BreadcrumbList","@id":"https:\/\/www.atikrooms.com\/it\/domov\/#breadcrumb","itemListElement":[{"@type":"ListItem","position":1,"name":"Home","item":"https:\/\/www.atikrooms.com\/it\/domov\/"},{"@type":"ListItem","position":2,"name":"CASA"}]},{"@type":"WebSite","@id":"https:\/\/www.atikrooms.com\/#website","url":"https:\/\/www.atikrooms.com\/","name":"Atik Rooms Ljubljana","description":"","potentialAction":[{"@type":"SearchAction","target":{"@type":"EntryPoint","urlTemplate":"https:\/\/www.atikrooms.com\/?s={search_term_string}"},"query-input":{"@type":"PropertyValueSpecification","valueRequired":true,"valueName":"search_term_string"}}],"inLanguage":"it-IT"}]}},"_links":{"self":[{"href":"https:\/\/www.atikrooms.com\/it\/wp-json\/wp\/v2\/pages\/1630","targetHints":{"allow":["GET"]}}],"collection":[{"href":"https:\/\/www.atikrooms.com\/it\/wp-json\/wp\/v2\/pages"}],"about":[{"href":"https:\/\/www.atikrooms.com\/it\/wp-json\/wp\/v2\/types\/page"}],"author":[{"embeddable":true,"href":"https:\/\/www.atikrooms.com\/it\/wp-json\/wp\/v2\/users\/1"}],"replies":[{"embeddable":true,"href":"https:\/\/www.atikrooms.com\/it\/wp-json\/wp\/v2\/comments?post=1630"}],"version-history":[{"count":12,"href":"https:\/\/www.atikrooms.com\/it\/wp-json\/wp\/v2\/pages\/1630\/revisions"}],"predecessor-version":[{"id":2347,"href":"https:\/\/www.atikrooms.com\/it\/wp-json\/wp\/v2\/pages\/1630\/revisions\/2347"}],"wp:attachment":[{"href":"https:\/\/www.atikrooms.com\/it\/wp-json\/wp\/v2\/media?parent=1630"}],"curies":[{"name":"wp","href":"https:\/\/api.w.org\/{rel}","templated":true}]}}